{"id":4706,"date":"2018-04-04T17:10:48","date_gmt":"2018-04-04T22:10:48","guid":{"rendered":"http:\/\/www.leppanenanker.com\/our-team\/"},"modified":"2023-05-01T11:47:19","modified_gmt":"2023-05-01T16:47:19","slug":"equipo","status":"publish","type":"page","link":"https:\/\/www.leppanenanker.com\/es\/equipo\/","title":{"rendered":"Equipo"},"content":{"rendered":"<p style=\"text-align: justify;\"><strong>Leppanen Anker<\/strong> es una firma arquitect\u00f3nica fundada con la visi\u00f3n de crear un espacios distintos y modernos. Sus socios fundadores, Aaron Leppanen y Gabriela Anker combinan m\u00e1s de veinte a\u00f1os de experiencia en arquitectura internacional, primordialmente en Nueva York, Los \u00c1ngeles, Dub\u00e1i y Singapur. Han trabajado en proyectos que var\u00edan en escala, programa, localidad y materialidad, permiti\u00e9ndose empujar sus propios l\u00edmites. Buscan desarrollar experiencias espaciales mediante la fusi\u00f3n de influencias contextuales, culturales, formales y aspectos sustentables y generar respuestas creativas, belleza arquitect\u00f3nica y comodidad para el usuario<br \/>\nEl estudio tiene experiencia en proyectos residenciales, comerciales, culturales, educativos, tanto en el sector p\u00fablico como en el privado. Contamos con arquitectos y dise\u00f1adores de varios pa\u00edses, incluidos Russia, Estados Unidos y Ecuador, que constantemente mantienen al equipo actualizado sobre las \u00faltimas tendencias mundiales. <strong>Leppanen Anker<\/strong> ha recibido reconocimiento nacional e internacional en diversos proyectos. La oficina est\u00e1 ubicada en el Centro hist\u00f3rico de Quito, Ecuador desde 2012.<\/p>\n","protected":false},"excerpt":{"rendered":"<p>Leppanen Anker es una firma arquitect\u00f3nica fundada con la visi\u00f3n de crear un espacios distintos y modernos. Sus socios fundadores, Aaron Leppanen y Gabriela Anker combinan m\u00e1s de veinte a\u00f1os de experiencia en arquitectura internacional, primordialmente en Nueva York, Los \u00c1ngeles, Dub\u00e1i y Singapur. Han trabajado en proyectos que var\u00edan en escala, programa, localidad y [&hellip;]<\/p>\n","protected":false},"author":11,"featured_media":0,"parent":0,"menu_order":0,"comment_status":"closed","ping_status":"closed","template":"page-templates\/team.php","meta":{"_acf_changed":false,"footnotes":""},"class_list":["post-4706","page","type-page","status-publish","hentry"],"acf":[],"yoast_head":"<!-- This site is optimized with the Yoast SEO plugin v24.5 - https:\/\/yoast.com\/wordpress\/plugins\/seo\/ -->\n<title>Equipo - Leppanen Anker Arquitectura<\/title>\n<meta name=\"robots\" content=\"index, follow, max-snippet:-1, max-image-preview:large, max-video-preview:-1\" \/>\n<link rel=\"canonical\" href=\"https:\/\/www.leppanenanker.com\/es\/equipo\/\" \/>\n<meta property=\"og:locale\" content=\"es_ES\" \/>\n<meta property=\"og:type\" content=\"article\" \/>\n<meta property=\"og:title\" content=\"Equipo - Leppanen Anker Arquitectura\" \/>\n<meta property=\"og:description\" content=\"Leppanen Anker es una firma arquitect\u00f3nica fundada con la visi\u00f3n de crear un espacios distintos y modernos. Sus socios fundadores, Aaron Leppanen y Gabriela Anker combinan m\u00e1s de veinte a\u00f1os de experiencia en arquitectura internacional, primordialmente en Nueva York, Los \u00c1ngeles, Dub\u00e1i y Singapur. Han trabajado en proyectos que var\u00edan en escala, programa, localidad y [&hellip;]\" \/>\n<meta property=\"og:url\" content=\"https:\/\/www.leppanenanker.com\/es\/equipo\/\" \/>\n<meta property=\"og:site_name\" content=\"Leppanen Anker Arquitectura\" \/>\n<meta property=\"article:modified_time\" content=\"2023-05-01T16:47:19+00:00\" \/>\n<meta name=\"twitter:card\" content=\"summary_large_image\" \/>\n<meta name=\"twitter:label1\" content=\"Tiempo de lectura\" \/>\n\t<meta name=\"twitter:data1\" content=\"1 minuto\" \/>\n<script type=\"application\/ld+json\" class=\"yoast-schema-graph\">{\"@context\":\"https:\/\/schema.org\",\"@graph\":[{\"@type\":\"WebPage\",\"@id\":\"https:\/\/www.leppanenanker.com\/es\/equipo\/\",\"url\":\"https:\/\/www.leppanenanker.com\/es\/equipo\/\",\"name\":\"Equipo - Leppanen Anker Arquitectura\",\"isPartOf\":{\"@id\":\"https:\/\/www.leppanenanker.com\/#website\"},\"datePublished\":\"2018-04-04T22:10:48+00:00\",\"dateModified\":\"2023-05-01T16:47:19+00:00\",\"breadcrumb\":{\"@id\":\"https:\/\/www.leppanenanker.com\/es\/equipo\/#breadcrumb\"},\"inLanguage\":\"es\",\"potentialAction\":[{\"@type\":\"ReadAction\",\"target\":[\"https:\/\/www.leppanenanker.com\/es\/equipo\/\"]}]},{\"@type\":\"BreadcrumbList\",\"@id\":\"https:\/\/www.leppanenanker.com\/es\/equipo\/#breadcrumb\",\"itemListElement\":[{\"@type\":\"ListItem\",\"position\":1,\"name\":\"Home\",\"item\":\"https:\/\/www.leppanenanker.com\/es\/\"},{\"@type\":\"ListItem\",\"position\":2,\"name\":\"Equipo\"}]},{\"@type\":\"WebSite\",\"@id\":\"https:\/\/www.leppanenanker.com\/#website\",\"url\":\"https:\/\/www.leppanenanker.com\/\",\"name\":\"Leppanen Anker Arquitectura\",\"description\":\"\",\"potentialAction\":[{\"@type\":\"SearchAction\",\"target\":{\"@type\":\"EntryPoint\",\"urlTemplate\":\"https:\/\/www.leppanenanker.com\/?s={search_term_string}\"},\"query-input\":{\"@type\":\"PropertyValueSpecification\",\"valueRequired\":true,\"valueName\":\"search_term_string\"}}],\"inLanguage\":\"es\"}]}<\/script>\n<!-- \/ Yoast SEO plugin. -->","yoast_head_json":{"title":"Equipo - Leppanen Anker Arquitectura","robots":{"index":"index","follow":"follow","max-snippet":"max-snippet:-1","max-image-preview":"max-image-preview:large","max-video-preview":"max-video-preview:-1"},"canonical":"https:\/\/www.leppanenanker.com\/es\/equipo\/","og_locale":"es_ES","og_type":"article","og_title":"Equipo - Leppanen Anker Arquitectura","og_description":"Leppanen Anker es una firma arquitect\u00f3nica fundada con la visi\u00f3n de crear un espacios distintos y modernos. Sus socios fundadores, Aaron Leppanen y Gabriela Anker combinan m\u00e1s de veinte a\u00f1os de experiencia en arquitectura internacional, primordialmente en Nueva York, Los \u00c1ngeles, Dub\u00e1i y Singapur. Han trabajado en proyectos que var\u00edan en escala, programa, localidad y [&hellip;]","og_url":"https:\/\/www.leppanenanker.com\/es\/equipo\/","og_site_name":"Leppanen Anker Arquitectura","article_modified_time":"2023-05-01T16:47:19+00:00","twitter_card":"summary_large_image","twitter_misc":{"Tiempo de lectura":"1 minuto"},"schema":{"@context":"https:\/\/schema.org","@graph":[{"@type":"WebPage","@id":"https:\/\/www.leppanenanker.com\/es\/equipo\/","url":"https:\/\/www.leppanenanker.com\/es\/equipo\/","name":"Equipo - Leppanen Anker Arquitectura","isPartOf":{"@id":"https:\/\/www.leppanenanker.com\/#website"},"datePublished":"2018-04-04T22:10:48+00:00","dateModified":"2023-05-01T16:47:19+00:00","breadcrumb":{"@id":"https:\/\/www.leppanenanker.com\/es\/equipo\/#breadcrumb"},"inLanguage":"es","potentialAction":[{"@type":"ReadAction","target":["https:\/\/www.leppanenanker.com\/es\/equipo\/"]}]},{"@type":"BreadcrumbList","@id":"https:\/\/www.leppanenanker.com\/es\/equipo\/#breadcrumb","itemListElement":[{"@type":"ListItem","position":1,"name":"Home","item":"https:\/\/www.leppanenanker.com\/es\/"},{"@type":"ListItem","position":2,"name":"Equipo"}]},{"@type":"WebSite","@id":"https:\/\/www.leppanenanker.com\/#website","url":"https:\/\/www.leppanenanker.com\/","name":"Leppanen Anker Arquitectura","description":"","potentialAction":[{"@type":"SearchAction","target":{"@type":"EntryPoint","urlTemplate":"https:\/\/www.leppanenanker.com\/?s={search_term_string}"},"query-input":{"@type":"PropertyValueSpecification","valueRequired":true,"valueName":"search_term_string"}}],"inLanguage":"es"}]}},"_links":{"self":[{"href":"https:\/\/www.leppanenanker.com\/es\/wp-json\/wp\/v2\/pages\/4706","targetHints":{"allow":["GET"]}}],"collection":[{"href":"https:\/\/www.leppanenanker.com\/es\/wp-json\/wp\/v2\/pages"}],"about":[{"href":"https:\/\/www.leppanenanker.com\/es\/wp-json\/wp\/v2\/types\/page"}],"author":[{"embeddable":true,"href":"https:\/\/www.leppanenanker.com\/es\/wp-json\/wp\/v2\/users\/11"}],"replies":[{"embeddable":true,"href":"https:\/\/www.leppanenanker.com\/es\/wp-json\/wp\/v2\/comments?post=4706"}],"version-history":[{"count":46,"href":"https:\/\/www.leppanenanker.com\/es\/wp-json\/wp\/v2\/pages\/4706\/revisions"}],"predecessor-version":[{"id":10005,"href":"https:\/\/www.leppanenanker.com\/es\/wp-json\/wp\/v2\/pages\/4706\/revisions\/10005"}],"wp:attachment":[{"href":"https:\/\/www.leppanenanker.com\/es\/wp-json\/wp\/v2\/media?parent=4706"}],"curies":[{"name":"wp","href":"https:\/\/api.w.org\/{rel}","templated":true}]}}